{"id":129,"date":"2013-08-05T08:02:08","date_gmt":"2013-08-05T08:02:08","guid":{"rendered":"http:\/\/realhomes.inspirythemes.com\/?page_id=115"},"modified":"2020-03-20T17:59:41","modified_gmt":"2020-03-20T17:59:41","slug":"listing","status":"publish","type":"page","link":"https:\/\/www.propiedadesdawson.cl\/v3\/?page_id=129","title":{"rendered":"SERVICIOS"},"content":{"rendered":"<p style=\"text-align: justify;\">Al contratar con nosotros realizamos un an\u00e1lisis completo para la tasaci\u00f3n de su propiedad, lo asesoramos en aspectos relativos a la calidad de su propiedad, realizamos y nos encargamos de la publicidad de su propiedad en medios de difusi\u00f3n especializados, coordinamos visitas de forma certera y segura, analizamos ofertas de compra y su viabilidad, tramitamos y gestionamos la inscripci\u00f3n de las escrituras p\u00fablicas, evaluamos las formas de pago y gestionamos como corredora los cr\u00e9ditos hipotecarios hasta el pago final de la compraventa.&nbsp;Creemos que el cliente es lo m\u00e1s importante, por esa raz\u00f3n trabajamos para que la b\u00fasqueda y selecci\u00f3n de su nuevo hogar sea una grata experiencia.<\/p>\n<p style=\"text-align: justify;\">Ofrecemos servicios inmobiliarios que responden ampliamente a las necesidades del propietario-cliente, tales como:<\/p>\n<ul style=\"text-align: justify;\">\n<li>Arriendos<\/li>\n<li>Ventas<\/li>\n<li>Administraci\u00f3n de propiedades<\/li>\n<li>Estudios de titulo<\/li>\n<li>Tasaci\u00f3n de bienes ra\u00edces<\/li>\n<li>Experiencia en Remates, herencias y posesi\u00f3n efectiva<\/li>\n<\/ul>\n<p style=\"text-align: justify;\"><b>\u00a1CONF\u00cdE SU PROPIEDAD A&nbsp;PROPIEDADES DAWSON Y DESCANSE DE VERDAD!<\/b><\/p>\n","protected":false},"excerpt":{"rendered":"<p>Al contratar con nosotros realizamos un an\u00e1lisis completo para la tasaci\u00f3n de su propiedad, lo asesoramos en aspectos relativos a la calidad de su propiedad, realizamos y nos encargamos de la publicidad de su propiedad en medios de difusi\u00f3n especializados, coordinamos visitas de forma certera y segura, analizamos ofertas de compra y su viabilidad, tramitamos&#8230;<\/p>\n","protected":false},"author":1,"featured_media":0,"parent":0,"menu_order":0,"comment_status":"closed","ping_status":"closed","template":"templates\/full-width.php","meta":{"footnotes":""},"class_list":["post-129","page","type-page","status-publish","hentry"],"_links":{"self":[{"href":"https:\/\/www.propiedadesdawson.cl\/v3\/index.php?rest_route=\/wp\/v2\/pages\/129","targetHints":{"allow":["GET"]}}],"collection":[{"href":"https:\/\/www.propiedadesdawson.cl\/v3\/index.php?rest_route=\/wp\/v2\/pages"}],"about":[{"href":"https:\/\/www.propiedadesdawson.cl\/v3\/index.php?rest_route=\/wp\/v2\/types\/page"}],"author":[{"embeddable":true,"href":"https:\/\/www.propiedadesdawson.cl\/v3\/index.php?rest_route=\/wp\/v2\/users\/1"}],"replies":[{"embeddable":true,"href":"https:\/\/www.propiedadesdawson.cl\/v3\/index.php?rest_route=%2Fwp%2Fv2%2Fcomments&post=129"}],"version-history":[{"count":3,"href":"https:\/\/www.propiedadesdawson.cl\/v3\/index.php?rest_route=\/wp\/v2\/pages\/129\/revisions"}],"predecessor-version":[{"id":4295,"href":"https:\/\/www.propiedadesdawson.cl\/v3\/index.php?rest_route=\/wp\/v2\/pages\/129\/revisions\/4295"}],"wp:attachment":[{"href":"https:\/\/www.propiedadesdawson.cl\/v3\/index.php?rest_route=%2Fwp%2Fv2%2Fmedia&parent=129"}],"curies":[{"name":"wp","href":"https:\/\/api.w.org\/{rel}","templated":true}]}}